{"id":15,"date":"2011-05-30T22:05:14","date_gmt":"2011-05-30T21:05:14","guid":{"rendered":"http:\/\/www.uk2.es\/?page_id=15"},"modified":"2011-09-09T23:22:39","modified_gmt":"2011-09-09T22:22:39","slug":"actualidad","status":"publish","type":"page","link":"https:\/\/www.uk2.es\/?page_id=15","title":{"rendered":"Actualidad (Teor\u00edas de conspiraci\u00f3n)"},"content":{"rendered":"<p>Actualidad, teor\u00edas de conspiraci\u00f3n, econom\u00eda, pol\u00edtica, agricultura, etc.<\/p>\n<p><strong>Cavern\u00edcolas del s\u00e9ptimo libro<\/strong><\/p>\n","protected":false},"excerpt":{"rendered":"<p>Actualidad, teor\u00edas de conspiraci\u00f3n, econom\u00eda, pol\u00edtica, agricultura, etc. Cavern\u00edcolas del s\u00e9ptimo libro<\/p>\n","protected":false},"author":1,"featured_media":0,"parent":0,"menu_order":0,"comment_status":"open","ping_status":"closed","template":"","meta":{"spay_email":""},"jetpack_shortlink":"https:\/\/wp.me\/PbFony-f","_links":{"self":[{"href":"https:\/\/www.uk2.es\/index.php?rest_route=\/wp\/v2\/pages\/15"}],"collection":[{"href":"https:\/\/www.uk2.es\/index.php?rest_route=\/wp\/v2\/pages"}],"about":[{"href":"https:\/\/www.uk2.es\/index.php?rest_route=\/wp\/v2\/types\/page"}],"author":[{"embeddable":true,"href":"https:\/\/www.uk2.es\/index.php?rest_route=\/wp\/v2\/users\/1"}],"replies":[{"embeddable":true,"href":"https:\/\/www.uk2.es\/index.php?rest_route=%2Fwp%2Fv2%2Fcomments&post=15"}],"version-history":[{"count":10,"href":"https:\/\/www.uk2.es\/index.php?rest_route=\/wp\/v2\/pages\/15\/revisions"}],"predecessor-version":[{"id":123,"href":"https:\/\/www.uk2.es\/index.php?rest_route=\/wp\/v2\/pages\/15\/revisions\/123"}],"wp:attachment":[{"href":"https:\/\/www.uk2.es\/index.php?rest_route=%2Fwp%2Fv2%2Fmedia&parent=15"}],"curies":[{"name":"wp","href":"https:\/\/api.w.org\/{rel}","templated":true}]}}